{"id":9,"date":"2020-08-15T00:17:05","date_gmt":"2020-08-15T03:17:05","guid":{"rendered":"https:\/\/mni.samnaz.org\/?page_id=9"},"modified":"2020-09-09T01:52:48","modified_gmt":"2020-09-09T04:52:48","slug":"9-2","status":"publish","type":"page","link":"https:\/\/mni.samnaz.org\/pt\/","title":{"rendered":"Home"},"content":{"rendered":"<p>[et_pb_section fb_built=\u00bb1&#8243; fullwidth=\u00bbon\u00bb admin_label=\u00bbHeader\u00bb _builder_version=\u00bb4.5.6&#8243; background_image=\u00bbhttps:\/\/mni.samnaz.org\/wp-content\/uploads\/2020\/08\/NMI_Body-3.jpg\u00bb min_height=\u00bb450px\u00bb custom_padding=\u00bb0|0px|0|0px|false|false\u00bb][et_pb_fullwidth_header title=\u00bbBienvenidos\u00bb subhead=\u00bbSomos MNI Am\u00e9rica del Sur \u00bb button_one_text=\u00bbUnete a nuestro Newsletter\u00bb button_one_url=\u00bb#newsletter\u00bb content_max_width=\u00bb450px\u00bb content_max_width_tablet=\u00bb480px\u00bb content_max_width_phone=\u00bb\u00bb content_max_width_last_edited=\u00bbon|phone\u00bb _builder_version=\u00bb4.5.6&#8243; title_font=\u00bbAbril Fatface||||||||\u00bb title_font_size=\u00bb72px\u00bb title_line_height=\u00bb1.2em\u00bb content_font=\u00bb||||||||\u00bb content_font_size=\u00bb16px\u00bb content_line_height=\u00bb2em\u00bb subhead_font=\u00bb|||on|||||\u00bb subhead_font_size=\u00bb29px\u00bb subhead_line_height=\u00bb1.2em\u00bb background_color=\u00bbrgba(255,255,255,0)\u00bb use_background_color_gradient=\u00bbon\u00bb background_color_gradient_start=\u00bbrgba(255,255,255,0)\u00bb background_color_gradient_end=\u00bb#ffffff\u00bb background_color_gradient_type=\u00bbradial\u00bb background_color_gradient_direction_radial=\u00bbright\u00bb background_color_gradient_start_position=\u00bb40%\u00bb background_color_gradient_end_position=\u00bb60%\u00bb background_position=\u00bbcenter_left\u00bb custom_button_one=\u00bbon\u00bb button_one_text_size=\u00bb16px\u00bb button_one_text_color=\u00bb#ffffff\u00bb button_one_bg_color=\u00bb#ff6d4a\u00bb button_one_border_width=\u00bb15px\u00bb button_one_border_color=\u00bb#ff6d4a\u00bb button_one_border_radius=\u00bb4px\u00bb button_one_letter_spacing=\u00bb3px\u00bb button_one_font=\u00bbCabin|700||on|||||\u00bb custom_button_two=\u00bbon\u00bb button_two_text_size=\u00bb16px\u00bb button_two_text_color=\u00bb#ffffff\u00bb button_two_bg_color=\u00bb#ff6d4a\u00bb button_two_border_width=\u00bb15px\u00bb button_two_border_color=\u00bb#ff6d4a\u00bb button_two_border_radius=\u00bb4px\u00bb button_two_letter_spacing=\u00bb3px\u00bb button_two_font=\u00bbCabin|700||on|||||\u00bb background_layout=\u00bblight\u00bb height=\u00bb750px\u00bb custom_margin=\u00bb|||\u00bb custom_padding=\u00bb100px||100px||true\u00bb title_font_size_tablet=\u00bb\u00bb title_font_size_phone=\u00bb40px\u00bb title_font_size_last_edited=\u00bbon|phone\u00bb title_line_height_tablet=\u00bb\u00bb title_line_height_phone=\u00bb1.2em\u00bb title_line_height_last_edited=\u00bbon|phone\u00bb button_one_border_radius_hover=\u00bb4px\u00bb button_two_border_radius_hover=\u00bb4px\u00bb button_one_letter_spacing_hover=\u00bb3px\u00bb button_two_letter_spacing_hover=\u00bb3px\u00bb button_one_text_size__hover_enabled=\u00bboff\u00bb button_two_text_size__hover_enabled=\u00bboff\u00bb button_one_text_color__hover_enabled=\u00bboff\u00bb button_two_text_color__hover_enabled=\u00bboff\u00bb button_one_border_width__hover_enabled=\u00bboff\u00bb button_two_border_width__hover_enabled=\u00bboff\u00bb button_one_border_color__hover_enabled=\u00bboff\u00bb button_two_border_color__hover_enabled=\u00bboff\u00bb button_one_border_radius__hover_enabled=\u00bbon\u00bb button_one_border_radius__hover=\u00bb4px\u00bb button_two_border_radius__hover_enabled=\u00bbon\u00bb button_two_border_radius__hover=\u00bb4px\u00bb button_one_letter_spacing__hover_enabled=\u00bbon\u00bb button_one_letter_spacing__hover=\u00bb3px\u00bb button_two_letter_spacing__hover_enabled=\u00bbon\u00bb button_two_letter_spacing__hover=\u00bb3px\u00bb button_one_bg_color__hover_enabled=\u00bboff\u00bb button_two_bg_color__hover_enabled=\u00bboff\u00bb]<\/p>\n<p>Este \u00e9 um site para ajudar os l\u00edderes de miss\u00f5es na igreja local a crescer em seu minist\u00e9rio.<\/p>\n<p>[\/et_pb_fullwidth_header][\/et_pb_section][et_pb_section fb_built=\u00bb1&#8243; admin_label=\u00bbBlog Section\u00bb _builder_version=\u00bb3.22&#8243;][et_pb_row _builder_version=\u00bb3.25&#8243; global_module=\u00bb30815&#8243;][et_pb_column type=\u00bb4_4&#8243; _builder_version=\u00bb3.25&#8243; custom_padding=\u00bb|||\u00bb custom_padding__hover=\u00bb|||\u00bb][et_pb_blog fullwidth=\u00bboff\u00bb posts_number=\u00bb6&#8243; include_categories=\u00bball\u00bb _builder_version=\u00bb4.5.6&#8243; header_font=\u00bbKarla|700||on|||||\u00bb header_font_size=\u00bb16px\u00bb header_line_height=\u00bb1.4em\u00bb body_line_height=\u00bb1.8em\u00bb meta_text_color=\u00bb#f56845&#8243; pagination_font=\u00bbKarla|700||on|||||\u00bb pagination_text_color=\u00bb#f56845&#8243; pagination_letter_spacing=\u00bb1px\u00bb custom_margin_tablet=\u00bb||0vw\u00bb custom_margin_last_edited=\u00bboff|desktop\u00bb z_index_tablet=\u00bb500&#8243; border_width_all=\u00bb18px\u00bb border_color_all=\u00bb#ffffff\u00bb box_shadow_style=\u00bbpreset1&#8243; box_shadow_vertical=\u00bb34px\u00bb box_shadow_blur=\u00bb64px\u00bb box_shadow_spread=\u00bb-12px\u00bb box_shadow_color=\u00bbrgba(20,22,23,0.19)\u00bb locked=\u00bboff\u00bb][\/et_pb_blog][\/et_pb_column][\/et_pb_row][\/et_pb_section][et_pb_section fb_built=\u00bb1&#8243; admin_label=\u00bbStats\u00bb _builder_version=\u00bb4.5.6&#8243; background_color=\u00bbrgba(214,214,214,0.5)\u00bb use_background_color_gradient=\u00bbon\u00bb background_color_gradient_start=\u00bb#f4f4f4&#8243; background_color_gradient_end=\u00bb#ffffff\u00bb background_color_gradient_direction=\u00bb144deg\u00bb background_color_gradient_start_position=\u00bb16%\u00bb max_width_tablet=\u00bb\u00bb max_width_phone=\u00bb\u00bb max_width_last_edited=\u00bbon|phone\u00bb custom_padding=\u00bb66px|||||\u00bb][et_pb_row admin_label=\u00bbRow\u00bb module_id=\u00bbnewsletter\u00bb _builder_version=\u00bb4.5.6&#8243; locked=\u00bboff\u00bb][et_pb_column type=\u00bb4_4&#8243; _builder_version=\u00bb3.25&#8243; custom_padding=\u00bb|||\u00bb custom_padding__hover=\u00bb|||\u00bb][et_pb_text _builder_version=\u00bb4.5.6&#8243; text_font=\u00bb||||||||\u00bb text_text_color=\u00bb#7f7f7f\u00bb text_font_size=\u00bb16px\u00bb text_line_height=\u00bb2em\u00bb ul_font=\u00bb||||||||\u00bb ol_font=\u00bb||||||||\u00bb header_font=\u00bb||||||||\u00bb header_2_font=\u00bbAbril Fatface||||||||\u00bb header_2_text_color=\u00bb#898989&#8243; header_2_font_size=\u00bb60px\u00bb header_2_line_height=\u00bb1.2em\u00bb header_3_font=\u00bb||||||||\u00bb header_4_font=\u00bb||||||||\u00bb header_5_font=\u00bb||||||||\u00bb header_6_font=\u00bb||||||||\u00bb text_orientation=\u00bbcenter\u00bb background_layout=\u00bbdark\u00bb max_width=\u00bb600px\u00bb module_alignment=\u00bbcenter\u00bb header_2_font_size_tablet=\u00bb50px\u00bb header_2_font_size_phone=\u00bb32px\u00bb header_2_font_size_last_edited=\u00bbon|desktop\u00bb locked=\u00bboff\u00bb]<\/p>\n<h2>Junte-se ao nosso boletim informativo<\/h2>\n<p>Receba periodicamente todas as nossas publica\u00e7\u00f5es.<\/p>\n<p>[\/et_pb_text][et_pb_signup mailchimp_list=\u00bbMisiones Nazarenas Internacional|2a8f61b109&#8243; name_field=\u00bbon\u00bb success_message=\u00bbMuchas Gracias, ya estas inscrito!\u00bb button_text=\u00bbSuscribete\u00bb use_spam_service=\u00bbon\u00bb recaptcha_list=\u00bbmnisamnazorg-0&#8243; _builder_version=\u00bb4.6.1&#8243; form_field_background_color=\u00bbrgba(255,255,255,0.1)\u00bb form_field_text_color=\u00bb#ffffff\u00bb body_font=\u00bbMontserrat||||||||\u00bb body_line_height=\u00bb2em\u00bb form_field_font=\u00bb||||||||\u00bb background_color=\u00bb#000000&#8243; use_background_color_gradient=\u00bbon\u00bb background_color_gradient_start=\u00bb#fd7b5b\u00bb background_color_gradient_end=\u00bb#a92200&#8243; background_color_gradient_direction=\u00bb162deg\u00bb custom_button=\u00bbon\u00bb button_text_size=\u00bb13px\u00bb button_text_color=\u00bb#ffffff\u00bb button_bg_color=\u00bb#141617&#8243; button_border_width=\u00bb12px\u00bb button_border_color=\u00bbrgba(0,0,0,0)\u00bb button_border_radius=\u00bb0px\u00bb button_letter_spacing=\u00bb2px\u00bb button_font=\u00bb|700||on|||||\u00bb button_icon=\u00bb%%43%%\u00bb button_on_hover=\u00bboff\u00bb link_option_url_new_window=\u00bbon\u00bb hover_enabled=\u00bb0&#8243; box_shadow_style=\u00bbpreset1&#8243; box_shadow_vertical=\u00bb64px\u00bb box_shadow_blur=\u00bb64px\u00bb box_shadow_spread=\u00bb-12px\u00bb box_shadow_color=\u00bbrgba(20,22,23,0.59)\u00bb global_module=\u00bb30962&#8243; saved_tabs=\u00bball\u00bb locked=\u00bboff\u00bb sticky_enabled=\u00bb0&#8243;][\/et_pb_signup][\/et_pb_column][\/et_pb_row][\/et_pb_section]<\/p>","protected":false},"excerpt":{"rendered":"<p>[et_pb_section fb_built=\u00bb1&#8243; fullwidth=\u00bbon\u00bb admin_label=\u00bbHeader\u00bb _builder_version=\u00bb4.5.6&#8243; background_image=\u00bbhttps:\/\/mni.samnaz.org\/wp-content\/uploads\/2020\/08\/NMI_Body-3.jpg\u00bb min_height=\u00bb450px\u00bb custom_padding=\u00bb0|0px|0|0px|false|false\u00bb][et_pb_fullwidth_header title=\u00bbBienvenidos\u00bb subhead=\u00bbSomos MNI Am\u00e9rica del Sur \u00bb button_one_text=\u00bbUnete a nuestro Newsletter\u00bb button_one_url=\u00bb#newsletter\u00bb content_max_width=\u00bb450px\u00bb content_max_width_tablet=\u00bb480px\u00bb content_max_width_phone=\u00bb\u00bb content_max_width_last_edited=\u00bbon|phone\u00bb _builder_version=\u00bb4.5.6&#8243; title_font=\u00bbAbril Fatface||||||||\u00bb title_font_size=\u00bb72px\u00bb title_line_height=\u00bb1.2em\u00bb content_font=\u00bb||||||||\u00bb content_font_size=\u00bb16px\u00bb content_line_height=\u00bb2em\u00bb subhead_font=\u00bb|||on|||||\u00bb subhead_font_size=\u00bb29px\u00bb subhead_line_height=\u00bb1.2em\u00bb background_color=\u00bbrgba(255,255,255,0)\u00bb use_background_color_gradient=\u00bbon\u00bb background_color_gradient_start=\u00bbrgba(255,255,255,0)\u00bb background_color_gradient_end=\u00bb#ffffff\u00bb background_color_gradient_type=\u00bbradial\u00bb background_color_gradient_direction_radial=\u00bbright\u00bb background_color_gradient_start_position=\u00bb40%\u00bb background_color_gradient_end_position=\u00bb60%\u00bb background_position=\u00bbcenter_left\u00bb custom_button_one=\u00bbon\u00bb button_one_text_size=\u00bb16px\u00bb button_one_text_color=\u00bb#ffffff\u00bb button_one_bg_color=\u00bb#ff6d4a\u00bb button_one_border_width=\u00bb15px\u00bb button_one_border_color=\u00bb#ff6d4a\u00bb button_one_border_radius=\u00bb4px\u00bb button_one_letter_spacing=\u00bb3px\u00bb button_one_font=\u00bbCabin|700||on|||||\u00bb custom_button_two=\u00bbon\u00bb button_two_text_size=\u00bb16px\u00bb [&hellip;]<\/p>","protected":false},"author":1,"featured_media":0,"parent":0,"menu_order":0,"comment_status":"closed","ping_status":"closed","template":"","meta":{"_et_pb_use_builder":"on","_et_pb_old_content":"","_et_gb_content_width":"","footnotes":""},"_links":{"self":[{"href":"https:\/\/mni.samnaz.org\/pt\/wp-json\/wp\/v2\/pages\/9"}],"collection":[{"href":"https:\/\/mni.samnaz.org\/pt\/wp-json\/wp\/v2\/pages"}],"about":[{"href":"https:\/\/mni.samnaz.org\/pt\/wp-json\/wp\/v2\/types\/page"}],"author":[{"embeddable":true,"href":"https:\/\/mni.samnaz.org\/pt\/wp-json\/wp\/v2\/users\/1"}],"replies":[{"embeddable":true,"href":"https:\/\/mni.samnaz.org\/pt\/wp-json\/wp\/v2\/comments?post=9"}],"version-history":[{"count":25,"href":"https:\/\/mni.samnaz.org\/pt\/wp-json\/wp\/v2\/pages\/9\/revisions"}],"predecessor-version":[{"id":31080,"href":"https:\/\/mni.samnaz.org\/pt\/wp-json\/wp\/v2\/pages\/9\/revisions\/31080"}],"wp:attachment":[{"href":"https:\/\/mni.samnaz.org\/pt\/wp-json\/wp\/v2\/media?parent=9"}],"curies":[{"name":"wp","href":"https:\/\/api.w.org\/{rel}","templated":true}]}}